{"id":1974,"date":"2025-06-24T05:12:26","date_gmt":"2025-06-24T03:12:26","guid":{"rendered":"http:\/\/smart-projects\/mensalia_latest\/?page_id=1974"},"modified":"2026-01-30T21:59:59","modified_gmt":"2026-01-30T20:59:59","slug":"references","status":"publish","type":"page","link":"https:\/\/mensalia.at\/en\/references\/","title":{"rendered":"References"},"content":{"rendered":"\n<div class=\"wp-block-group py-5 has-mulled-wine-color has-text-color\"><div class=\"wp-block-group__inner-container is-layout-flow wp-block-group-is-layout-flow\">\n<div class=\"wp-block-group container\"><div class=\"wp-block-group__inner-container is-layout-flow wp-block-group-is-layout-flow\">\n<p style=\"font-size:25px\">Akaryon GmbH &#8211; AMAG Austria Metall AG &#8211; ASFINAG &#8211; AT&amp;S Austria Technologie &amp; Systemtechnik AG &#8211; Austrian Airlines AG &#8211; Austrian Energy Agency &#8211; Austrian Power Grid AG &#8211; bauMax AG &#8211; Brainforce Holding AG &#8211; BUWOG Group AG &#8211; bwin Interactive Entertainment AG &#8211; COMLAB AG &#8211; Constantia Industries AG &#8211; Constantia-Iso Holding AG &#8211; Constantia Packaging AG &#8211; DaimlerChrysler AG &#8211; denkstatt GmbH &#8211; ecoduna AG &#8211; Esterh\u00e1zy Betriebe GmbH &#8211; EVN AG &#8211; Flughafen Wien AG &#8211; Fritz Egger GmbH &amp; Co KG &#8211; Generali Holding Vienna AG &#8211; Gorenje d.o.o. &#8211; Gurktaler AG &#8211; Henkel KGA &#8211; Hoerbiger Holding AG &#8211; Immoeast AG &#8211; Immofinanz AG &#8211; Jugend am Werk Steiermark GmbH &#8211; Kapsch AG &#8211; Kapsch TrafficCom AG &#8211; Knapp AG &#8211; Klima- und Energiefonds &#8211; Komer\u010dn\u00ed banka, a. s. &#8211; Link Market Services GmbH &#8211; LLB Liechtensteinische Landesbank AG &#8211; LLI Leipnik-Lundenburger Invest Beteiligungs AG &#8211; Marinomed AG &#8211; Mercator, d.d. &#8211; Oberbank AG &#8211; \u00d6BB Holding AG &#8211; \u00d6sterreichische Bundesforste AG &#8211; \u00d6sterreichische Post AG &#8211; \u00d6sterreichisches Verkehrsb\u00fcro AG &#8211; \u00d6VGW \u00d6sterreichische Vereinigung f\u00fcr das Gas- und Wasserfach &#8211; Polytec Holding AG &#8211; PORR AG &#8211; Raiffeisen Bank International AG &#8211; Raiffeisenlandesbank Nieder\u00f6sterreich-Wien &#8211; Raiffeisen-Holding Nieder\u00f6sterreich-Wien &#8211; Raiffeisen Zentralbank \u00d6sterreich AG &#8211; Rapp-Trans AG &#8211; Reintrieb GmbH &#8211; Rosenbauer International AG &#8211; RWE AG &#8211; S&amp;T AG &#8211; Sanochemia Pharmazeutika AG &#8211; Saubermacher Dienstleistungs AG &#8211; Schlumberger AG &#8211; Semperit AG Holding &#8211; SPENDIT AG &#8211; S IMMO AG &#8211; Telekom Austria AG &#8211; UBM Development AG &#8211; UBM Realit\u00e4tenentwicklung AG &#8211; Univ.-Prof. Dr Edvin Turkof &#8211; VBV Group &#8211; Verifort Capital Group GmbH &#8211; Association of Austrian Insurance Companies &#8211; VIG Vienna Insurance Group AG &#8211; Weingut Martin Rosenberger &#8211; Wien Energie GmbH &#8211; Wienerberger AG &#8211; Wiener Linien GmbH &amp; Co KG &#8211; Wiener Stadtwerke Holding AG &#8211; Wiener Sozialdienste &#8211; Windkraft Simonsfeld AG &#8211; Wolford AG<\/p>\n\n\n\n<div style=\"height:20px\" aria-hidden=\"true\" class=\"wp-block-spacer\"><\/div>\n<\/div><\/div>\n<\/div><\/div>\n","protected":false},"excerpt":{"rendered":"<p>Akaryon GmbH &#8211; AMAG Austria Metall AG &#8211; ASFINAG &#8211; AT&amp;S Austria Technologie &amp; Systemtechnik AG &#8211; Austrian Airlines AG &#8211; Austrian Energy Agency &#8211; Austrian Power Grid AG &#8211; bauMax AG &#8211; Brainforce Holding AG &#8211; BUWOG Group AG &#8211; bwin Interactive Entertainment AG &#8211; COMLAB AG &#8211; Constantia Industries AG &#8211; Constantia-Iso Holding [&hellip;]<\/p>\n","protected":false},"author":1,"featured_media":0,"parent":0,"menu_order":0,"comment_status":"closed","ping_status":"closed","template":"","meta":{"_acf_changed":false,"footnotes":""},"class_list":["post-1974","page","type-page","status-publish","hentry"],"acf":[],"yoast_head":"<!-- This site is optimized with the Yoast SEO plugin v26.9 - https:\/\/yoast.com\/product\/yoast-seo-wordpress\/ -->\n<title>References - Mensalia<\/title>\n<meta name=\"robots\" content=\"index, follow, max-snippet:-1, max-image-preview:large, max-video-preview:-1\" \/>\n<link rel=\"canonical\" href=\"https:\/\/mensalia.at\/en\/references\/\" \/>\n<meta property=\"og:locale\" content=\"en_US\" \/>\n<meta property=\"og:type\" content=\"article\" \/>\n<meta property=\"og:title\" content=\"References - Mensalia\" \/>\n<meta property=\"og:description\" content=\"Akaryon GmbH &#8211; AMAG Austria Metall AG &#8211; ASFINAG &#8211; AT&amp;S Austria Technologie &amp; Systemtechnik AG &#8211; Austrian Airlines AG &#8211; Austrian Energy Agency &#8211; Austrian Power Grid AG &#8211; bauMax AG &#8211; Brainforce Holding AG &#8211; BUWOG Group AG &#8211; bwin Interactive Entertainment AG &#8211; COMLAB AG &#8211; Constantia Industries AG &#8211; Constantia-Iso Holding [&hellip;]\" \/>\n<meta property=\"og:url\" content=\"https:\/\/mensalia.at\/en\/references\/\" \/>\n<meta property=\"og:site_name\" content=\"Mensalia\" \/>\n<meta property=\"article:modified_time\" content=\"2026-01-30T20:59:59+00:00\" \/>\n<meta name=\"twitter:card\" content=\"summary_large_image\" \/>\n<meta name=\"twitter:label1\" content=\"Est. reading time\" \/>\n\t<meta name=\"twitter:data1\" content=\"2 minutes\" \/>\n<script type=\"application\/ld+json\" class=\"yoast-schema-graph\">{\"@context\":\"https:\/\/schema.org\",\"@graph\":[{\"@type\":\"WebPage\",\"@id\":\"https:\/\/mensalia.at\/en\/references\/\",\"url\":\"https:\/\/mensalia.at\/en\/references\/\",\"name\":\"References - Mensalia\",\"isPartOf\":{\"@id\":\"https:\/\/63.176.147.44\/#website\"},\"datePublished\":\"2025-06-24T03:12:26+00:00\",\"dateModified\":\"2026-01-30T20:59:59+00:00\",\"breadcrumb\":{\"@id\":\"https:\/\/mensalia.at\/en\/references\/#breadcrumb\"},\"inLanguage\":\"en-US\",\"potentialAction\":[{\"@type\":\"ReadAction\",\"target\":[\"https:\/\/mensalia.at\/en\/references\/\"]}]},{\"@type\":\"BreadcrumbList\",\"@id\":\"https:\/\/mensalia.at\/en\/references\/#breadcrumb\",\"itemListElement\":[{\"@type\":\"ListItem\",\"position\":1,\"name\":\"Startseite\",\"item\":\"https:\/\/mensalia.at\/en\/\"},{\"@type\":\"ListItem\",\"position\":2,\"name\":\"References\"}]},{\"@type\":\"WebSite\",\"@id\":\"https:\/\/63.176.147.44\/#website\",\"url\":\"https:\/\/63.176.147.44\/\",\"name\":\"Mensalia\",\"description\":\"Thinking a different way.\",\"potentialAction\":[{\"@type\":\"SearchAction\",\"target\":{\"@type\":\"EntryPoint\",\"urlTemplate\":\"https:\/\/63.176.147.44\/?s={search_term_string}\"},\"query-input\":{\"@type\":\"PropertyValueSpecification\",\"valueRequired\":true,\"valueName\":\"search_term_string\"}}],\"inLanguage\":\"en-US\"}]}<\/script>\n<!-- \/ Yoast SEO plugin. -->","yoast_head_json":{"title":"References - Mensalia","robots":{"index":"index","follow":"follow","max-snippet":"max-snippet:-1","max-image-preview":"max-image-preview:large","max-video-preview":"max-video-preview:-1"},"canonical":"https:\/\/mensalia.at\/en\/references\/","og_locale":"en_US","og_type":"article","og_title":"References - Mensalia","og_description":"Akaryon GmbH &#8211; AMAG Austria Metall AG &#8211; ASFINAG &#8211; AT&amp;S Austria Technologie &amp; Systemtechnik AG &#8211; Austrian Airlines AG &#8211; Austrian Energy Agency &#8211; Austrian Power Grid AG &#8211; bauMax AG &#8211; Brainforce Holding AG &#8211; BUWOG Group AG &#8211; bwin Interactive Entertainment AG &#8211; COMLAB AG &#8211; Constantia Industries AG &#8211; Constantia-Iso Holding [&hellip;]","og_url":"https:\/\/mensalia.at\/en\/references\/","og_site_name":"Mensalia","article_modified_time":"2026-01-30T20:59:59+00:00","twitter_card":"summary_large_image","twitter_misc":{"Est. reading time":"2 minutes"},"schema":{"@context":"https:\/\/schema.org","@graph":[{"@type":"WebPage","@id":"https:\/\/mensalia.at\/en\/references\/","url":"https:\/\/mensalia.at\/en\/references\/","name":"References - Mensalia","isPartOf":{"@id":"https:\/\/63.176.147.44\/#website"},"datePublished":"2025-06-24T03:12:26+00:00","dateModified":"2026-01-30T20:59:59+00:00","breadcrumb":{"@id":"https:\/\/mensalia.at\/en\/references\/#breadcrumb"},"inLanguage":"en-US","potentialAction":[{"@type":"ReadAction","target":["https:\/\/mensalia.at\/en\/references\/"]}]},{"@type":"BreadcrumbList","@id":"https:\/\/mensalia.at\/en\/references\/#breadcrumb","itemListElement":[{"@type":"ListItem","position":1,"name":"Startseite","item":"https:\/\/mensalia.at\/en\/"},{"@type":"ListItem","position":2,"name":"References"}]},{"@type":"WebSite","@id":"https:\/\/63.176.147.44\/#website","url":"https:\/\/63.176.147.44\/","name":"Mensalia","description":"Thinking a different way.","potentialAction":[{"@type":"SearchAction","target":{"@type":"EntryPoint","urlTemplate":"https:\/\/63.176.147.44\/?s={search_term_string}"},"query-input":{"@type":"PropertyValueSpecification","valueRequired":true,"valueName":"search_term_string"}}],"inLanguage":"en-US"}]}},"_links":{"self":[{"href":"https:\/\/mensalia.at\/en\/wp-json\/wp\/v2\/pages\/1974","targetHints":{"allow":["GET"]}}],"collection":[{"href":"https:\/\/mensalia.at\/en\/wp-json\/wp\/v2\/pages"}],"about":[{"href":"https:\/\/mensalia.at\/en\/wp-json\/wp\/v2\/types\/page"}],"author":[{"embeddable":true,"href":"https:\/\/mensalia.at\/en\/wp-json\/wp\/v2\/users\/1"}],"replies":[{"embeddable":true,"href":"https:\/\/mensalia.at\/en\/wp-json\/wp\/v2\/comments?post=1974"}],"version-history":[{"count":4,"href":"https:\/\/mensalia.at\/en\/wp-json\/wp\/v2\/pages\/1974\/revisions"}],"predecessor-version":[{"id":2846,"href":"https:\/\/mensalia.at\/en\/wp-json\/wp\/v2\/pages\/1974\/revisions\/2846"}],"wp:attachment":[{"href":"https:\/\/mensalia.at\/en\/wp-json\/wp\/v2\/media?parent=1974"}],"curies":[{"name":"wp","href":"https:\/\/api.w.org\/{rel}","templated":true}]}}