{"id":472,"date":"2021-04-29T01:52:44","date_gmt":"2021-04-28T23:52:44","guid":{"rendered":"https:\/\/men52.uber.space\/wiederverwendbare-bloecke\/"},"modified":"2021-04-29T17:31:53","modified_gmt":"2021-04-29T15:31:53","slug":"wiederverwendbare-bloecke","status":"publish","type":"page","link":"https:\/\/mensalia.at\/en\/wiederverwendbare-bloecke\/","title":{"rendered":"Wiederverwendbare Bl\u00f6cke"},"content":{"rendered":"\n<div id=\"investments\" class=\"wp-block-group py-5 has-mulled-wine-color has-text-color\"><div class=\"wp-block-group__inner-container is-layout-flow wp-block-group-is-layout-flow\">\n<div class=\"wp-block-group container my-3\"><div class=\"wp-block-group__inner-container is-layout-flow wp-block-group-is-layout-flow\">\n<h2 class=\"has-text-align-left h1 outline-text mb-5 wp-block-heading\">Heading<\/h2>\n\n\n\n<div class=\"wp-block-columns is-layout-flex wp-container-core-columns-is-layout-9d6595d7 wp-block-columns-is-layout-flex\">\n<div class=\"wp-block-column is-layout-flow wp-block-column-is-layout-flow\">\n<p class=\"has-text-align-left\">Lorem ipsum dolor sit amet, consetetur sadipscing elitr, sed diam nonumy eirmod tempor invidunt ut labore et dolore magna aliquyam erat, sed diam voluptua. At vero eos et accusam et justo duo dolores et ea rebum. Stet clita kasd gubergren, no sea takimata sanctus est Lorem ipsum dolor sit amet. Lorem ipsum dolor sit amet, consetetur sadipscing elitr, sed diam nonumy eirmod tempor invidunt ut labore et dolore magna aliquyam erat, sed diam voluptua. At vero eos et accusam et justo duo dolores et ea rebum. Stet clita kasd gubergren, no sea takimata sanctus est Lorem ipsum dolor sit amet.<\/p>\n\n\n\n<div id=\"accordion-block_608acf7262b36\" class=\"accordion-block\">\n    <a class=\"accordion-block__title py-4 d-flex align-items-center justify-content-between\">\n        <h3 class=\"h6 m-0\">\n            Titel        <\/h3>\n        <span class=\"accordion-block__toggle-btn\">\n            <span class=\"sr-only\">Toggle Accordion<\/span>\n        <\/span>\n    <\/a>\n    <div class=\"accordion-block__content\">\n        <div class=\"pb-4\">\n            <InnerBlocks><\/InnerBlocks>\n            \n\n<p>Lorem Ipsum<\/p>\n\n        <\/div>\n    <\/div>\n<\/div>\n<\/div>\n\n\n\n<div class=\"wp-block-column is-layout-flow wp-block-column-is-layout-flow\"><\/div>\n<\/div>\n<\/div><\/div>\n<\/div><\/div>\n\n\n\n<div id=\"investor-relations\" class=\"wp-block-group py-5 has-mulled-wine-color has-text-color\"><div class=\"wp-block-group__inner-container is-layout-flow wp-block-group-is-layout-flow\">\n<div class=\"wp-block-group container my-3\"><div class=\"wp-block-group__inner-container is-layout-flow wp-block-group-is-layout-flow\">\n<h2 class=\"has-text-align-right h1 outline-text mb-5 wp-block-heading\">Heading<\/h2>\n\n\n\n<div class=\"wp-block-columns is-layout-flex wp-container-core-columns-is-layout-9d6595d7 wp-block-columns-is-layout-flex\">\n<div class=\"wp-block-column is-layout-flow wp-block-column-is-layout-flow\"><\/div>\n\n\n\n<div class=\"wp-block-column is-layout-flow wp-block-column-is-layout-flow\">\n<figure class=\"wp-block-image size-large\"><img loading=\"lazy\" decoding=\"async\" width=\"1024\" height=\"643\" src=\"http:\/\/smart-projects\/mensalia_new2\/wp-content\/uploads\/2021\/04\/unicorn-1024x643.jpg\" alt=\"Porzellaneinhorn mit M\u00fcnzen\" class=\"wp-image-420\" srcset=\"https:\/\/mensalia.at\/wp-content\/uploads\/2021\/04\/unicorn-1024x643.jpg 1024w, https:\/\/mensalia.at\/wp-content\/uploads\/2021\/04\/unicorn-300x188.jpg 300w, https:\/\/mensalia.at\/wp-content\/uploads\/2021\/04\/unicorn-768x482.jpg 768w, https:\/\/mensalia.at\/wp-content\/uploads\/2021\/04\/unicorn-1536x964.jpg 1536w, https:\/\/mensalia.at\/wp-content\/uploads\/2021\/04\/unicorn.jpg 1920w\" sizes=\"auto, (max-width: 1024px) 100vw, 1024px\" \/><\/figure>\n\n\n\n<p class=\"has-text-align-right\">Vieles spricht f\u00fcr Ihr Unternehmen. Damit dies so bleibt und damit Ihr Unternehmen einen zus\u00e4tzlichen Mehrwert erh\u00e4lt, soll sich je- mand darum k\u00fcmmern. Wir tun das gemeinsam mit Ihnen. Ganz grunds\u00e4tzlich, wenn es darum geht, sich neu oder \u00fcberhaupt zu orientieren. Vom Workshop mit der Unternehmensf\u00fchrung bis zur Ausarbeitung Ihrer Kommunikationsstrategie. Wir geben Ihnen eine verl\u00e4ssliche Roadmap auf dem Weg zum gro\u00dfen Kommunikator.<\/p>\n<\/div>\n<\/div>\n\n\n\n<div id=\"accordion-block_6089f4dd90346\" class=\"accordion-block\">\n    <a class=\"accordion-block__title py-4 d-flex align-items-center justify-content-between\">\n        <h3 class=\"h6 m-0\">\n            Topic 1        <\/h3>\n        <span class=\"accordion-block__toggle-btn\">\n            <span class=\"sr-only\">Toggle Accordion<\/span>\n        <\/span>\n    <\/a>\n    <div class=\"accordion-block__content\">\n        <div class=\"pb-4\">\n            <InnerBlocks><\/InnerBlocks>\n            \n\n<p>Lorem ipsum dolor sit amet, consetetur sadipscing elitr, sed diam nonumy eirmod tempor invidunt ut labore et dolore magna aliquyam erat, sed diam voluptua. At vero eos et accusam et justo duo dolores et ea rebum. Stet clita kasd gubergren, no sea takimata sanctus est Lorem ipsum dolor sit amet. Lorem ipsum dolor sit amet, consetetur sadipscing elitr, sed diam nonumy eirmod tempor invidunt ut labore et dolore magna aliquyam erat, sed diam voluptua. At vero eos et accusam et justo duo dolores et ea rebum. Stet clita kasd gubergren, no sea takimata sanctus est Lorem ipsum dolor sit amet.<\/p>\n\n        <\/div>\n    <\/div>\n<\/div>\n\n\n\n<div id=\"accordion-block_6089f4dd90347\" class=\"accordion-block\">\n    <a class=\"accordion-block__title py-4 d-flex align-items-center justify-content-between\">\n        <h3 class=\"h6 m-0\">\n            Topic 2        <\/h3>\n        <span class=\"accordion-block__toggle-btn\">\n            <span class=\"sr-only\">Toggle Accordion<\/span>\n        <\/span>\n    <\/a>\n    <div class=\"accordion-block__content\">\n        <div class=\"pb-4\">\n            <InnerBlocks><\/InnerBlocks>\n            \n\n<p>Lorem ipsum dolor sit amet, consetetur sadipscing elitr, sed diam nonumy eirmod tempor invidunt ut labore et dolore magna aliquyam erat, sed diam voluptua. At vero eos et accusam et justo duo dolores et ea rebum. Stet clita kasd gubergren, no sea takimata sanctus est Lorem ipsum dolor sit amet. Lorem ipsum dolor sit amet, consetetur sadipscing elitr, sed diam nonumy eirmod tempor invidunt ut labore et dolore magna aliquyam erat, sed diam voluptua. At vero eos et accusam et justo duo dolores et ea rebum. Stet clita kasd gubergren, no sea takimata sanctus est Lorem ipsum dolor sit amet.<\/p>\n\n        <\/div>\n    <\/div>\n<\/div>\n\n\n\n<div id=\"accordion-block_6089f4dd90348\" class=\"accordion-block\">\n    <a class=\"accordion-block__title py-4 d-flex align-items-center justify-content-between\">\n        <h3 class=\"h6 m-0\">\n            Topic 3        <\/h3>\n        <span class=\"accordion-block__toggle-btn\">\n            <span class=\"sr-only\">Toggle Accordion<\/span>\n        <\/span>\n    <\/a>\n    <div class=\"accordion-block__content\">\n        <div class=\"pb-4\">\n            <InnerBlocks><\/InnerBlocks>\n            \n\n<p>Lorem ipsum dolor sit amet, consetetur sadipscing elitr, sed diam nonumy eirmod tempor invidunt ut labore et dolore magna aliquyam erat, sed diam voluptua. At vero eos et accusam et justo duo dolores et ea rebum. Stet clita kasd gubergren, no sea takimata sanctus est Lorem ipsum dolor sit amet. Lorem ipsum dolor sit amet, consetetur sadipscing elitr, sed diam nonumy eirmod tempor invidunt ut labore et dolore magna aliquyam erat, sed diam voluptua. At vero eos et accusam et justo duo dolores et ea rebum. Stet clita kasd gubergren, no sea takimata sanctus est Lorem ipsum dolor sit amet.<\/p>\n\n        <\/div>\n    <\/div>\n<\/div>\n\n\n\n<div id=\"accordion-block_6089f4dd90349\" class=\"accordion-block\">\n    <a class=\"accordion-block__title py-4 d-flex align-items-center justify-content-between\">\n        <h3 class=\"h6 m-0\">\n            Topic 4        <\/h3>\n        <span class=\"accordion-block__toggle-btn\">\n            <span class=\"sr-only\">Toggle Accordion<\/span>\n        <\/span>\n    <\/a>\n    <div class=\"accordion-block__content\">\n        <div class=\"pb-4\">\n            <InnerBlocks><\/InnerBlocks>\n            \n\n<p>Lorem ipsum dolor sit amet, consetetur sadipscing elitr, sed diam nonumy eirmod tempor invidunt ut labore et dolore magna aliquyam erat, sed diam voluptua. At vero eos et accusam et justo duo dolores et ea rebum. Stet clita kasd gubergren, no sea takimata sanctus est Lorem ipsum dolor sit amet. Lorem ipsum dolor sit amet, consetetur sadipscing elitr, sed diam nonumy eirmod tempor invidunt ut labore et dolore magna aliquyam erat, sed diam voluptua. At vero eos et accusam et justo duo dolores et ea rebum. Stet clita kasd gubergren, no sea takimata sanctus est Lorem ipsum dolor sit amet.<\/p>\n\n        <\/div>\n    <\/div>\n<\/div>\n<\/div><\/div>\n<\/div><\/div>\n\n\n\n<div id=\"digitals\" class=\"wp-block-group py-5 has-mulled-wine-color has-shadow-green-background-color has-text-color has-background\"><div class=\"wp-block-group__inner-container is-layout-flow wp-block-group-is-layout-flow\">\n<div class=\"wp-block-group container my-3\"><div class=\"wp-block-group__inner-container is-layout-flow wp-block-group-is-layout-flow\">\n<h2 class=\"has-text-align-right h1 outline-text mb-5 wp-block-heading\">Heading<\/h2>\n\n\n\n<div class=\"wp-block-columns is-layout-flex wp-container-core-columns-is-layout-9d6595d7 wp-block-columns-is-layout-flex\">\n<div class=\"wp-block-column is-layout-flow wp-block-column-is-layout-flow\"><\/div>\n\n\n\n<div class=\"wp-block-column is-layout-flow wp-block-column-is-layout-flow\">\n<p class=\"has-text-align-right\">Lorem ipsum dolor sit amet, consetetur sadipscing elitr, sed diam nonumy eirmod tempor invidunt ut labore et dolore magna aliquyam erat, sed diam voluptua. At vero eos et accusam et justo duo dolores et ea rebum. Stet clita kasd gubergren, no sea takimata sanctus est Lorem ipsum dolor sit amet. Lorem ipsum dolor sit amet, consetetur sadipscing elitr, sed diam nonumy eirmod tempor invidunt ut labore et dolore magna aliquyam erat, sed diam voluptua. At vero eos et accusam et justo duo dolores et ea rebum. Stet clita kasd gubergren, no sea takimata sanctus est Lorem ipsum dolor sit amet.<\/p>\n<\/div>\n<\/div>\n<\/div><\/div>\n<\/div><\/div>\n","protected":false},"excerpt":{"rendered":"","protected":false},"author":1,"featured_media":0,"parent":0,"menu_order":0,"comment_status":"closed","ping_status":"closed","template":"","meta":{"_acf_changed":false,"footnotes":""},"class_list":["post-472","page","type-page","status-publish","hentry"],"acf":[],"yoast_head":"<!-- This site is optimized with the Yoast SEO plugin v26.9 - https:\/\/yoast.com\/product\/yoast-seo-wordpress\/ -->\n<title>Wiederverwendbare Bl\u00f6cke - Mensalia<\/title>\n<meta name=\"robots\" content=\"index, follow, max-snippet:-1, max-image-preview:large, max-video-preview:-1\" \/>\n<link rel=\"canonical\" href=\"https:\/\/mensalia.at\/wiederverwendbare-bloecke\/\" \/>\n<meta property=\"og:locale\" content=\"en_US\" \/>\n<meta property=\"og:type\" content=\"article\" \/>\n<meta property=\"og:title\" content=\"Wiederverwendbare Bl\u00f6cke - Mensalia\" \/>\n<meta property=\"og:url\" content=\"https:\/\/mensalia.at\/wiederverwendbare-bloecke\/\" \/>\n<meta property=\"og:site_name\" content=\"Mensalia\" \/>\n<meta property=\"article:modified_time\" content=\"2021-04-29T15:31:53+00:00\" \/>\n<meta name=\"twitter:card\" content=\"summary_large_image\" \/>\n<script type=\"application\/ld+json\" class=\"yoast-schema-graph\">{\"@context\":\"https:\/\/schema.org\",\"@graph\":[{\"@type\":\"WebPage\",\"@id\":\"https:\/\/mensalia.at\/wiederverwendbare-bloecke\/\",\"url\":\"https:\/\/mensalia.at\/wiederverwendbare-bloecke\/\",\"name\":\"Wiederverwendbare Bl\u00f6cke - Mensalia\",\"isPartOf\":{\"@id\":\"https:\/\/63.176.147.44\/#website\"},\"datePublished\":\"2021-04-28T23:52:44+00:00\",\"dateModified\":\"2021-04-29T15:31:53+00:00\",\"breadcrumb\":{\"@id\":\"https:\/\/mensalia.at\/wiederverwendbare-bloecke\/#breadcrumb\"},\"inLanguage\":\"en-US\",\"potentialAction\":[{\"@type\":\"ReadAction\",\"target\":[\"https:\/\/mensalia.at\/wiederverwendbare-bloecke\/\"]}]},{\"@type\":\"BreadcrumbList\",\"@id\":\"https:\/\/mensalia.at\/wiederverwendbare-bloecke\/#breadcrumb\",\"itemListElement\":[{\"@type\":\"ListItem\",\"position\":1,\"name\":\"Startseite\",\"item\":\"https:\/\/mensalia.at\/en\/\"},{\"@type\":\"ListItem\",\"position\":2,\"name\":\"Wiederverwendbare Bl\u00f6cke\"}]},{\"@type\":\"WebSite\",\"@id\":\"https:\/\/63.176.147.44\/#website\",\"url\":\"https:\/\/63.176.147.44\/\",\"name\":\"Mensalia\",\"description\":\"Thinking a different way.\",\"potentialAction\":[{\"@type\":\"SearchAction\",\"target\":{\"@type\":\"EntryPoint\",\"urlTemplate\":\"https:\/\/63.176.147.44\/?s={search_term_string}\"},\"query-input\":{\"@type\":\"PropertyValueSpecification\",\"valueRequired\":true,\"valueName\":\"search_term_string\"}}],\"inLanguage\":\"en-US\"}]}<\/script>\n<!-- \/ Yoast SEO plugin. -->","yoast_head_json":{"title":"Wiederverwendbare Bl\u00f6cke - Mensalia","robots":{"index":"index","follow":"follow","max-snippet":"max-snippet:-1","max-image-preview":"max-image-preview:large","max-video-preview":"max-video-preview:-1"},"canonical":"https:\/\/mensalia.at\/wiederverwendbare-bloecke\/","og_locale":"en_US","og_type":"article","og_title":"Wiederverwendbare Bl\u00f6cke - Mensalia","og_url":"https:\/\/mensalia.at\/wiederverwendbare-bloecke\/","og_site_name":"Mensalia","article_modified_time":"2021-04-29T15:31:53+00:00","twitter_card":"summary_large_image","schema":{"@context":"https:\/\/schema.org","@graph":[{"@type":"WebPage","@id":"https:\/\/mensalia.at\/wiederverwendbare-bloecke\/","url":"https:\/\/mensalia.at\/wiederverwendbare-bloecke\/","name":"Wiederverwendbare Bl\u00f6cke - Mensalia","isPartOf":{"@id":"https:\/\/63.176.147.44\/#website"},"datePublished":"2021-04-28T23:52:44+00:00","dateModified":"2021-04-29T15:31:53+00:00","breadcrumb":{"@id":"https:\/\/mensalia.at\/wiederverwendbare-bloecke\/#breadcrumb"},"inLanguage":"en-US","potentialAction":[{"@type":"ReadAction","target":["https:\/\/mensalia.at\/wiederverwendbare-bloecke\/"]}]},{"@type":"BreadcrumbList","@id":"https:\/\/mensalia.at\/wiederverwendbare-bloecke\/#breadcrumb","itemListElement":[{"@type":"ListItem","position":1,"name":"Startseite","item":"https:\/\/mensalia.at\/en\/"},{"@type":"ListItem","position":2,"name":"Wiederverwendbare Bl\u00f6cke"}]},{"@type":"WebSite","@id":"https:\/\/63.176.147.44\/#website","url":"https:\/\/63.176.147.44\/","name":"Mensalia","description":"Thinking a different way.","potentialAction":[{"@type":"SearchAction","target":{"@type":"EntryPoint","urlTemplate":"https:\/\/63.176.147.44\/?s={search_term_string}"},"query-input":{"@type":"PropertyValueSpecification","valueRequired":true,"valueName":"search_term_string"}}],"inLanguage":"en-US"}]}},"_links":{"self":[{"href":"https:\/\/mensalia.at\/en\/wp-json\/wp\/v2\/pages\/472","targetHints":{"allow":["GET"]}}],"collection":[{"href":"https:\/\/mensalia.at\/en\/wp-json\/wp\/v2\/pages"}],"about":[{"href":"https:\/\/mensalia.at\/en\/wp-json\/wp\/v2\/types\/page"}],"author":[{"embeddable":true,"href":"https:\/\/mensalia.at\/en\/wp-json\/wp\/v2\/users\/1"}],"replies":[{"embeddable":true,"href":"https:\/\/mensalia.at\/en\/wp-json\/wp\/v2\/comments?post=472"}],"version-history":[{"count":1,"href":"https:\/\/mensalia.at\/en\/wp-json\/wp\/v2\/pages\/472\/revisions"}],"predecessor-version":[{"id":474,"href":"https:\/\/mensalia.at\/en\/wp-json\/wp\/v2\/pages\/472\/revisions\/474"}],"wp:attachment":[{"href":"https:\/\/mensalia.at\/en\/wp-json\/wp\/v2\/media?parent=472"}],"curies":[{"name":"wp","href":"https:\/\/api.w.org\/{rel}","templated":true}]}}